{"id":1134,"date":"2023-03-14T08:30:52","date_gmt":"2023-03-14T08:30:52","guid":{"rendered":"https:\/\/jan.coderdemo.com\/newwp\/bullion\/?page_id=36"},"modified":"2025-07-22T17:02:06","modified_gmt":"2025-07-22T14:02:06","slug":"education","status":"publish","type":"page","link":"https:\/\/lotiadesi.com\/en\/education\/","title":{"rendered":"Education"},"content":{"rendered":"\t\t<div data-elementor-type=\"wp-page\" data-elementor-id=\"1134\" class=\"elementor elementor-1134\">\n\t\t\t\t\t\t<section class=\"elementor-section elementor-top-section elementor-element elementor-element-1cdf04d elementor-section-full_width elementor-section-height-default elementor-section-height-default\" data-id=\"1cdf04d\" data-element_type=\"section\" data-e-type=\"section\">\n\t\t\t\t\t\t<div class=\"elementor-container elementor-column-gap-default\">\n\t\t\t\t\t<div class=\"elementor-column elementor-col-100 elementor-top-column elementor-element elementor-element-ba13c05\" data-id=\"ba13c05\" data-element_type=\"column\" data-e-type=\"column\">\n\t\t\t<div class=\"elementor-widget-wrap elementor-element-populated\">\n\t\t\t\t\t\t<div class=\"elementor-element elementor-element-c0bc32a elementor-widget elementor-widget-bullion_mobile_app\" data-id=\"c0bc32a\" data-element_type=\"widget\" data-e-type=\"widget\" data-settings=\"{&quot;bullion_layout_margin&quot;:{&quot;unit&quot;:&quot;px&quot;,&quot;top&quot;:&quot;&quot;,&quot;right&quot;:&quot;&quot;,&quot;bottom&quot;:&quot;&quot;,&quot;left&quot;:&quot;&quot;,&quot;isLinked&quot;:true},&quot;bullion_layout_margin_tablet&quot;:{&quot;unit&quot;:&quot;px&quot;,&quot;top&quot;:&quot;&quot;,&quot;right&quot;:&quot;&quot;,&quot;bottom&quot;:&quot;&quot;,&quot;left&quot;:&quot;&quot;,&quot;isLinked&quot;:true},&quot;bullion_layout_margin_mobile&quot;:{&quot;unit&quot;:&quot;px&quot;,&quot;top&quot;:&quot;&quot;,&quot;right&quot;:&quot;&quot;,&quot;bottom&quot;:&quot;&quot;,&quot;left&quot;:&quot;&quot;,&quot;isLinked&quot;:true},&quot;bullion_layout_padding&quot;:{&quot;unit&quot;:&quot;px&quot;,&quot;top&quot;:&quot;&quot;,&quot;right&quot;:&quot;&quot;,&quot;bottom&quot;:&quot;&quot;,&quot;left&quot;:&quot;&quot;,&quot;isLinked&quot;:true},&quot;bullion_layout_padding_tablet&quot;:{&quot;unit&quot;:&quot;px&quot;,&quot;top&quot;:&quot;&quot;,&quot;right&quot;:&quot;&quot;,&quot;bottom&quot;:&quot;&quot;,&quot;left&quot;:&quot;&quot;,&quot;isLinked&quot;:true},&quot;bullion_layout_padding_mobile&quot;:{&quot;unit&quot;:&quot;px&quot;,&quot;top&quot;:&quot;&quot;,&quot;right&quot;:&quot;&quot;,&quot;bottom&quot;:&quot;&quot;,&quot;left&quot;:&quot;&quot;,&quot;isLinked&quot;:true}}\" data-widget_type=\"bullion_mobile_app.default\">\n\t\t\t\t<div class=\"elementor-widget-container\">\n\t\t\t\t\t\t    <!-- ebook-section -->\n    <section class=\"ebook-section\">\n        <div class=\"auto-container\">\n            <div class=\"row clearfix\">\n                <div class=\"col-lg-6 col-md-12 col-sm-12 image-column\">\n                    <div class=\"image-box\">\n                        <div class=\"image-shape\"  style=\"background-image: url(https:\/\/lotiadesi.com\/wp-content\/uploads\/2025\/03\/shape-45-5.png);\"><\/div>\n                                                <figure class=\"image\"><img decoding=\"async\" src=\"https:\/\/lotiadesi.com\/wp-content\/uploads\/2025\/03\/ipad-1-1.png\" alt=\"Awesome Image\"><\/figure>\n                    \t                    <\/div>\n                <\/div>\n                <div class=\"col-lg-6 col-md-12 col-sm-12 content-column\">\n                    <div class=\"content-box\">\n                                                <div class=\"sec-title\">\n                            <span class=\"sub-title\">Lot iadesi education<\/span>                            <h2>All our  self-study materials <span>in one place<\/span><\/h2>                        <\/div>\n                                                \n                                                <div class=\"text-box\">\n                            <p>Study anywhere, anytime, and in a format that is convenient for you.<\/p>\n                        <\/div>\n                                                \n\t\t\t\t\t\t<h6>Formats<\/h6>                        \n\t\t\t\t\t\t\t\t\t\t\t\t<ul class=\"list-item clearfix\">\n\t\t\t\t\t\t\t\t\t\t\t\t\t\t <li><h4>You-tube videos <span>01<\/span><\/h4><\/li>\n\t\t\t\t\t\t\t\t\t\t\t\t\t\t <li><h4>Essays <span>02<\/span><\/h4><\/li>\n\t\t\t\t\t\t\t\t\t\t\t\t\t\t <li><h4>Daily analytics <span>03<\/span><\/h4><\/li>\n\t\t\t\t\t\t\t\t\t\t\t\t\t<\/ul>\n\t\t\t\t\t\t                        \n                                                <div class=\"btn-box\">\n                            <a href=\"\/en\/education\/#BlockWithLessons\" class=\"theme-btn\"><span>Last lesson<\/span><\/a>\n                        <\/div>\n                                            <\/div>\n                <\/div>\n            <\/div>\n        <\/div>\n    <\/section>\n    <!-- ebook-section end -->\n    \n       \n    \t\t\t\t<\/div>\n\t\t\t\t<\/div>\n\t\t\t\t\t<\/div>\n\t\t<\/div>\n\t\t\t\t\t<\/div>\n\t\t<\/section>\n\t\t<div class=\"elementor-element elementor-element-bcf0f96 e-flex e-con-boxed e-con e-parent\" data-id=\"bcf0f96\" data-element_type=\"container\" data-e-type=\"container\">\n\t\t\t\t\t<div class=\"e-con-inner\">\n\t\t\t\t<div class=\"elementor-element elementor-element-2381510 elementor-widget elementor-widget-menu-anchor\" data-id=\"2381510\" data-element_type=\"widget\" data-e-type=\"widget\" data-widget_type=\"menu-anchor.default\">\n\t\t\t\t<div class=\"elementor-widget-container\">\n\t\t\t\t\t\t\t<div class=\"elementor-menu-anchor\" id=\"BlockWithLessons\"><\/div>\n\t\t\t\t\t\t<\/div>\n\t\t\t\t<\/div>\n\t\t\t\t\t<\/div>\n\t\t\t\t<\/div>\n\t\t\t\t<section class=\"elementor-section elementor-top-section elementor-element elementor-element-79670b4 elementor-section-full_width elementor-section-height-default elementor-section-height-default\" data-id=\"79670b4\" data-element_type=\"section\" data-e-type=\"section\">\n\t\t\t\t\t\t<div class=\"elementor-container elementor-column-gap-default\">\n\t\t\t\t\t<div class=\"elementor-column elementor-col-100 elementor-top-column elementor-element elementor-element-6be82dd\" data-id=\"6be82dd\" data-element_type=\"column\" data-e-type=\"column\">\n\t\t\t<div class=\"elementor-widget-wrap elementor-element-populated\">\n\t\t\t\t\t\t<div class=\"elementor-element elementor-element-b76a746 elementor-widget elementor-widget-bullion_courses_tab_carousel\" data-id=\"b76a746\" data-element_type=\"widget\" data-e-type=\"widget\" data-widget_type=\"bullion_courses_tab_carousel.default\">\n\t\t\t\t<div class=\"elementor-widget-container\">\n\t\t\t\t\t        \r\n    <!-- courses-section -->\r\n    <section class=\"courses-section centred\">\r\n        <div class=\"auto-container\">\r\n                         <div class=\"sec-title\">\r\n                <span class=\"sub-title\">Courses Offered<\/span>\t\t\t\t<h2><span>Courses<\/span> to get you Started<\/h2>            <\/div>\r\n                        <div class=\"courses-tab\">\r\n                <div class=\"tab-btns courses-tab-btns\">\r\n                                        <div class=\"p-tab-btn active-btn\" data-tab=\"#tab-1\"><span class=\"bar bar-one\"><\/span><h5>YouTube videos<\/h5><\/div>\r\n                                        <div class=\"p-tab-btn \" data-tab=\"#tab-2\"><span class=\"bar bar-one\"><\/span><h5>Essays<\/h5><\/div>\r\n                                        <div class=\"p-tab-btn \" data-tab=\"#tab-3\"><span class=\"bar bar-one\"><\/span><h5>Daily Analytics<\/h5><\/div>\r\n                                    <\/div>\r\n                <div class=\"auto-container\">\r\n                    <div class=\"p-tabs-content\">\r\n                                                <div class=\"p-tab active-tab\" id=\"tab-1\">\r\n                            <div class=\"three-item-carousel course-item-carousel owl-carousel owl-theme\" owl-dots-none nav-style-one\" id=\"education-carousel\" data-slider=\"{&quot;infinite&quot;:false,&quot;autoplay&quot;:true,&quot;autoplaySpeed&quot;:&quot;2500&quot;,&quot;dots&quot;:false,&quot;nav&quot;:true,&quot;item_gap&quot;:30,&quot;item_show&quot;:3}\">\r\n                                                                <div class=\"courses-block-one\">\r\n                                    <div class=\"inner-box\">\r\n                                        <h3><a href=\"https:\/\/lotiadesi.com\/en\/education\/analysis\/\">ANALYSIS<\/a><\/h3>\r\n                                        \t                                        <div class=\"video-inner\" style=\"background-image: url(https:\/\/lotiadesi.com\/wp-content\/uploads\/2025\/03\/video-prew-1.png);\">\r\n\t                                            <div class=\"video-btn\">\r\n\t                                            \t<a href=\"https:\/\/www.youtube.com\/watch?v=IYX4g4N5-9A&#038;list=PL8yt7-49Aqt20h_WWW84qYtzkRiNpumaw&#038;ab_channel=LiteFinanceT%C3%9CRK%C4%B0YE\" class=\"lightbox-image\" data-caption=\"\">\r\n\t\t                                            \t<img decoding=\"async\" src=\"https:\/\/lotiadesi.com\/wp-content\/themes\/bullion\/assets\/images\/icons\/icon-68.png\" alt=\"Awesome Image\">\r\n\t\t                                            <\/a>\r\n\t                                            <\/div>\r\n\t                                        <\/div>\r\n\t                                                                            <p>\u00a0ANALYSIS 1 g\u00f6nderi FOREX EM\u0130R T\u00dcRLER\u0130 NELERD\u0130R? 5 dakika Dear ...<\/p>\r\n                                        <div class=\"link-box\">\r\n                                            <a href=\"https:\/\/lotiadesi.com\/en\/education\/analysis\/\"><span>Learn Now<\/span><\/a>\r\n                                        <\/div>\r\n                                    <\/div>\r\n                                <\/div>\r\n                                                            <\/div>\r\n                        <\/div>\r\n                                        \t\t                        <div class=\"p-tab \" id=\"tab-2\">\r\n                            <div class=\"three-item-carousel course-item-carousel owl-carousel owl-theme\" owl-dots-none nav-style-one\" id=\"education-carousel\" data-slider=\"{&quot;infinite&quot;:false,&quot;autoplay&quot;:true,&quot;autoplaySpeed&quot;:&quot;2500&quot;,&quot;dots&quot;:false,&quot;nav&quot;:true,&quot;item_gap&quot;:30,&quot;item_show&quot;:3}\">\r\n                                                                <div class=\"courses-block-one\">\r\n                                    <div class=\"inner-box\">\r\n                                        <h3><a href=\"https:\/\/lotiadesi.com\/en\/education\/what-are-the-forex-order-types\/\">WHAT ARE THE FOREX ORDER TYPES?<\/a><\/h3>\r\n                                        \t                                    \t<a href=\"https:\/\/lotiadesi.com\/en\/education\/what-are-the-forex-order-types\/\" class=\"video-inner\" style=\"display: block;background-image: url(https:\/\/lotiadesi.com\/wp-content\/uploads\/2025\/03\/prew-1.png);\">\r\n\t                                    \t\t<div class=\"video-btn\">&nbsp;<\/div>\r\n\t                                        <\/a>\r\n\t                                                                            <p>Deceptive demo Going to learn 1 post WHAT ARE THE ...<\/p>\r\n                                        <div class=\"link-box\">\r\n                                            <a href=\"https:\/\/lotiadesi.com\/en\/education\/what-are-the-forex-order-types\/\"><span>Learn Now<\/span><\/a>\r\n                                        <\/div>\r\n                                    <\/div>\r\n                                <\/div>\r\n                                                            <\/div>\r\n                        <\/div>\r\n                                        \t\t                        <div class=\"p-tab \" id=\"tab-3\">\r\n                            <div class=\"three-item-carousel course-item-carousel owl-carousel owl-theme\" owl-dots-none nav-style-one\" id=\"education-carousel\" data-slider=\"{&quot;infinite&quot;:false,&quot;autoplay&quot;:true,&quot;autoplaySpeed&quot;:&quot;2500&quot;,&quot;dots&quot;:false,&quot;nav&quot;:true,&quot;item_gap&quot;:30,&quot;item_show&quot;:3}\">\r\n                                                                <div class=\"courses-block-one\">\r\n                                    <div class=\"inner-box\">\r\n                                        <h3><a href=\"https:\/\/lotiadesi.com\/en\/education\/bitcoin-btc-usd-20-03-25\/\">Bitcoin (BTC\/USD) 20\/03\/25<\/a><\/h3>\r\n                                        \t                                    \t<a href=\"https:\/\/lotiadesi.com\/en\/education\/bitcoin-btc-usd-20-03-25\/\" class=\"video-inner\" style=\"display: block;background-image: url(https:\/\/lotiadesi.com\/wp-content\/uploads\/2025\/03\/da-prew-1.png);\">\r\n\t                                    \t\t<div class=\"video-btn\">&nbsp;<\/div>\r\n\t                                        <\/a>\r\n\t                                                                            <p>Bitcoin (BTC\/USD) 20\/03\/25 1 g\u00f6nderi FOREX EM\u0130R T\u00dcRLER\u0130 NELERD\u0130R? 5 ...<\/p>\r\n                                        <div class=\"link-box\">\r\n                                            <a href=\"https:\/\/lotiadesi.com\/en\/education\/bitcoin-btc-usd-20-03-25\/\"><span>Learn Now<\/span><\/a>\r\n                                        <\/div>\r\n                                    <\/div>\r\n                                <\/div>\r\n                                                            <\/div>\r\n                        <\/div>\r\n                                        \t\t                        \r\n                    <\/div>\r\n                <\/div>\r\n            <\/div>\r\n        <\/div>\r\n    <\/section>\r\n    <!-- courses-section end -->       \r\n    \r\n\t\t\t\t\t<\/div>\n\t\t\t\t<\/div>\n\t\t\t\t\t<\/div>\n\t\t<\/div>\n\t\t\t\t\t<\/div>\n\t\t<\/section>\n\t\t\t\t<\/div>\n\t\t","protected":false},"excerpt":{"rendered":"<p>Lot iadesi education All our self-study materials in one place Study anywhere, anytime, and in a format that is convenient for you. Formats You-tube videos 01 Essays 02 Daily analytics 03 Last lesson Courses Offered Courses to get you Started YouTube videos Essays Daily Analytics ANALYSIS \u00a0ANALYSIS1 g\u00f6nderiFOREX EM\u0130R T\u00dcRLER\u0130 NELERD\u0130R? 5 dakikaDear investors, in [&hellip;]<\/p>\n","protected":false},"author":2,"featured_media":0,"parent":0,"menu_order":0,"comment_status":"closed","ping_status":"closed","template":"tpl-default-elementor.php","meta":{"footnotes":""},"class_list":["post-1134","page","type-page","status-publish","hentry"],"yoast_head":"<!-- This site is optimized with the Yoast SEO plugin v27.4 - https:\/\/yoast.com\/product\/yoast-seo-wordpress\/ -->\n<title>Education - Lot \u0130ades\u0130<\/title>\n<meta name=\"robots\" content=\"index, follow, max-snippet:-1, max-image-preview:large, max-video-preview:-1\" \/>\n<link rel=\"canonical\" href=\"https:\/\/lotiadesi.com\/en\/education\/\" \/>\n<meta property=\"og:locale\" content=\"en_US\" \/>\n<meta property=\"og:type\" content=\"article\" \/>\n<meta property=\"og:title\" content=\"Education - Lot \u0130ades\u0130\" \/>\n<meta property=\"og:description\" content=\"Lot iadesi education All our self-study materials in one place Study anywhere, anytime, and in a format that is convenient for you. Formats You-tube videos 01 Essays 02 Daily analytics 03 Last lesson Courses Offered Courses to get you Started YouTube videos Essays Daily Analytics ANALYSIS \u00a0ANALYSIS1 g\u00f6nderiFOREX EM\u0130R T\u00dcRLER\u0130 NELERD\u0130R? 5 dakikaDear investors, in [&hellip;]\" \/>\n<meta property=\"og:url\" content=\"https:\/\/lotiadesi.com\/en\/education\/\" \/>\n<meta property=\"og:site_name\" content=\"Lot \u0130ades\u0130\" \/>\n<meta property=\"article:modified_time\" content=\"2025-07-22T14:02:06+00:00\" \/>\n<meta property=\"og:image\" content=\"https:\/\/lotiadesi.com\/wp-content\/uploads\/2025\/03\/ipad-1-1.png\" \/>\n<meta name=\"twitter:card\" content=\"summary_large_image\" \/>\n<script type=\"application\/ld+json\" class=\"yoast-schema-graph\">{\"@context\":\"https:\\\/\\\/schema.org\",\"@graph\":[{\"@type\":\"WebPage\",\"@id\":\"https:\\\/\\\/lotiadesi.com\\\/en\\\/education\\\/\",\"url\":\"https:\\\/\\\/lotiadesi.com\\\/en\\\/education\\\/\",\"name\":\"Education - Lot \u0130ades\u0130\",\"isPartOf\":{\"@id\":\"https:\\\/\\\/lotiadesi.com\\\/#website\"},\"primaryImageOfPage\":{\"@id\":\"https:\\\/\\\/lotiadesi.com\\\/en\\\/education\\\/#primaryimage\"},\"image\":{\"@id\":\"https:\\\/\\\/lotiadesi.com\\\/en\\\/education\\\/#primaryimage\"},\"thumbnailUrl\":\"https:\\\/\\\/lotiadesi.com\\\/wp-content\\\/uploads\\\/2025\\\/03\\\/ipad-1-1.png\",\"datePublished\":\"2023-03-14T08:30:52+00:00\",\"dateModified\":\"2025-07-22T14:02:06+00:00\",\"breadcrumb\":{\"@id\":\"https:\\\/\\\/lotiadesi.com\\\/en\\\/education\\\/#breadcrumb\"},\"inLanguage\":\"en-US\",\"potentialAction\":[{\"@type\":\"ReadAction\",\"target\":[\"https:\\\/\\\/lotiadesi.com\\\/en\\\/education\\\/\"]}]},{\"@type\":\"ImageObject\",\"inLanguage\":\"en-US\",\"@id\":\"https:\\\/\\\/lotiadesi.com\\\/en\\\/education\\\/#primaryimage\",\"url\":\"https:\\\/\\\/lotiadesi.com\\\/wp-content\\\/uploads\\\/2025\\\/03\\\/ipad-1-1.png\",\"contentUrl\":\"https:\\\/\\\/lotiadesi.com\\\/wp-content\\\/uploads\\\/2025\\\/03\\\/ipad-1-1.png\"},{\"@type\":\"BreadcrumbList\",\"@id\":\"https:\\\/\\\/lotiadesi.com\\\/en\\\/education\\\/#breadcrumb\",\"itemListElement\":[{\"@type\":\"ListItem\",\"position\":1,\"name\":\"Home\",\"item\":\"https:\\\/\\\/lotiadesi.com\\\/en\\\/\"},{\"@type\":\"ListItem\",\"position\":2,\"name\":\"Education\"}]},{\"@type\":\"WebSite\",\"@id\":\"https:\\\/\\\/lotiadesi.com\\\/#website\",\"url\":\"https:\\\/\\\/lotiadesi.com\\\/\",\"name\":\"Lot \u0130ades\u0130\",\"description\":\"YAKINDA S\u0130ZLERLE!\",\"publisher\":{\"@id\":\"https:\\\/\\\/lotiadesi.com\\\/#organization\"},\"potentialAction\":[{\"@type\":\"SearchAction\",\"target\":{\"@type\":\"EntryPoint\",\"urlTemplate\":\"https:\\\/\\\/lotiadesi.com\\\/?s={search_term_string}\"},\"query-input\":{\"@type\":\"PropertyValueSpecification\",\"valueRequired\":true,\"valueName\":\"search_term_string\"}}],\"inLanguage\":\"en-US\"},{\"@type\":\"Organization\",\"@id\":\"https:\\\/\\\/lotiadesi.com\\\/#organization\",\"name\":\"Lot \u0130ades\u0130\",\"url\":\"https:\\\/\\\/lotiadesi.com\\\/\",\"logo\":{\"@type\":\"ImageObject\",\"inLanguage\":\"en-US\",\"@id\":\"https:\\\/\\\/lotiadesi.com\\\/#\\\/schema\\\/logo\\\/image\\\/\",\"url\":\"https:\\\/\\\/lotiadesi.com\\\/wp-content\\\/uploads\\\/2025\\\/03\\\/lotiadesi-color-logo-with-blue-name.png\",\"contentUrl\":\"https:\\\/\\\/lotiadesi.com\\\/wp-content\\\/uploads\\\/2025\\\/03\\\/lotiadesi-color-logo-with-blue-name.png\",\"width\":401,\"height\":197,\"caption\":\"Lot \u0130ades\u0130\"},\"image\":{\"@id\":\"https:\\\/\\\/lotiadesi.com\\\/#\\\/schema\\\/logo\\\/image\\\/\"},\"sameAs\":[\"https:\\\/\\\/t.me\\\/FXlotiadesi\"]}]}<\/script>\n<!-- \/ Yoast SEO plugin. -->","yoast_head_json":{"title":"Education - Lot \u0130ades\u0130","robots":{"index":"index","follow":"follow","max-snippet":"max-snippet:-1","max-image-preview":"max-image-preview:large","max-video-preview":"max-video-preview:-1"},"canonical":"https:\/\/lotiadesi.com\/en\/education\/","og_locale":"en_US","og_type":"article","og_title":"Education - Lot \u0130ades\u0130","og_description":"Lot iadesi education All our self-study materials in one place Study anywhere, anytime, and in a format that is convenient for you. Formats You-tube videos 01 Essays 02 Daily analytics 03 Last lesson Courses Offered Courses to get you Started YouTube videos Essays Daily Analytics ANALYSIS \u00a0ANALYSIS1 g\u00f6nderiFOREX EM\u0130R T\u00dcRLER\u0130 NELERD\u0130R? 5 dakikaDear investors, in [&hellip;]","og_url":"https:\/\/lotiadesi.com\/en\/education\/","og_site_name":"Lot \u0130ades\u0130","article_modified_time":"2025-07-22T14:02:06+00:00","og_image":[{"url":"https:\/\/lotiadesi.com\/wp-content\/uploads\/2025\/03\/ipad-1-1.png","type":"","width":"","height":""}],"twitter_card":"summary_large_image","schema":{"@context":"https:\/\/schema.org","@graph":[{"@type":"WebPage","@id":"https:\/\/lotiadesi.com\/en\/education\/","url":"https:\/\/lotiadesi.com\/en\/education\/","name":"Education - Lot \u0130ades\u0130","isPartOf":{"@id":"https:\/\/lotiadesi.com\/#website"},"primaryImageOfPage":{"@id":"https:\/\/lotiadesi.com\/en\/education\/#primaryimage"},"image":{"@id":"https:\/\/lotiadesi.com\/en\/education\/#primaryimage"},"thumbnailUrl":"https:\/\/lotiadesi.com\/wp-content\/uploads\/2025\/03\/ipad-1-1.png","datePublished":"2023-03-14T08:30:52+00:00","dateModified":"2025-07-22T14:02:06+00:00","breadcrumb":{"@id":"https:\/\/lotiadesi.com\/en\/education\/#breadcrumb"},"inLanguage":"en-US","potentialAction":[{"@type":"ReadAction","target":["https:\/\/lotiadesi.com\/en\/education\/"]}]},{"@type":"ImageObject","inLanguage":"en-US","@id":"https:\/\/lotiadesi.com\/en\/education\/#primaryimage","url":"https:\/\/lotiadesi.com\/wp-content\/uploads\/2025\/03\/ipad-1-1.png","contentUrl":"https:\/\/lotiadesi.com\/wp-content\/uploads\/2025\/03\/ipad-1-1.png"},{"@type":"BreadcrumbList","@id":"https:\/\/lotiadesi.com\/en\/education\/#breadcrumb","itemListElement":[{"@type":"ListItem","position":1,"name":"Home","item":"https:\/\/lotiadesi.com\/en\/"},{"@type":"ListItem","position":2,"name":"Education"}]},{"@type":"WebSite","@id":"https:\/\/lotiadesi.com\/#website","url":"https:\/\/lotiadesi.com\/","name":"Lot \u0130ades\u0130","description":"YAKINDA S\u0130ZLERLE!","publisher":{"@id":"https:\/\/lotiadesi.com\/#organization"},"potentialAction":[{"@type":"SearchAction","target":{"@type":"EntryPoint","urlTemplate":"https:\/\/lotiadesi.com\/?s={search_term_string}"},"query-input":{"@type":"PropertyValueSpecification","valueRequired":true,"valueName":"search_term_string"}}],"inLanguage":"en-US"},{"@type":"Organization","@id":"https:\/\/lotiadesi.com\/#organization","name":"Lot \u0130ades\u0130","url":"https:\/\/lotiadesi.com\/","logo":{"@type":"ImageObject","inLanguage":"en-US","@id":"https:\/\/lotiadesi.com\/#\/schema\/logo\/image\/","url":"https:\/\/lotiadesi.com\/wp-content\/uploads\/2025\/03\/lotiadesi-color-logo-with-blue-name.png","contentUrl":"https:\/\/lotiadesi.com\/wp-content\/uploads\/2025\/03\/lotiadesi-color-logo-with-blue-name.png","width":401,"height":197,"caption":"Lot \u0130ades\u0130"},"image":{"@id":"https:\/\/lotiadesi.com\/#\/schema\/logo\/image\/"},"sameAs":["https:\/\/t.me\/FXlotiadesi"]}]}},"_links":{"self":[{"href":"https:\/\/lotiadesi.com\/en\/wp-json\/wp\/v2\/pages\/1134","targetHints":{"allow":["GET"]}}],"collection":[{"href":"https:\/\/lotiadesi.com\/en\/wp-json\/wp\/v2\/pages"}],"about":[{"href":"https:\/\/lotiadesi.com\/en\/wp-json\/wp\/v2\/types\/page"}],"author":[{"embeddable":true,"href":"https:\/\/lotiadesi.com\/en\/wp-json\/wp\/v2\/users\/2"}],"replies":[{"embeddable":true,"href":"https:\/\/lotiadesi.com\/en\/wp-json\/wp\/v2\/comments?post=1134"}],"version-history":[{"count":58,"href":"https:\/\/lotiadesi.com\/en\/wp-json\/wp\/v2\/pages\/1134\/revisions"}],"predecessor-version":[{"id":2700,"href":"https:\/\/lotiadesi.com\/en\/wp-json\/wp\/v2\/pages\/1134\/revisions\/2700"}],"wp:attachment":[{"href":"https:\/\/lotiadesi.com\/en\/wp-json\/wp\/v2\/media?parent=1134"}],"curies":[{"name":"wp","href":"https:\/\/api.w.org\/{rel}","templated":true}]}}