{"id":1146,"date":"2023-03-14T08:37:48","date_gmt":"2023-03-14T08:37:48","guid":{"rendered":"https:\/\/jan.coderdemo.com\/newwp\/bullion\/?page_id=55"},"modified":"2025-08-19T18:43:16","modified_gmt":"2025-08-19T15:43:16","slug":"contact","status":"publish","type":"page","link":"https:\/\/lotiadesi.com\/en\/contact\/","title":{"rendered":"Contact"},"content":{"rendered":"\t\t<div data-elementor-type=\"wp-page\" data-elementor-id=\"1146\" class=\"elementor elementor-1146\">\n\t\t\t\t\t\t<section class=\"elementor-section elementor-top-section elementor-element elementor-element-86af5a0 elementor-section-full_width elementor-section-height-default elementor-section-height-default\" data-id=\"86af5a0\" data-element_type=\"section\" data-e-type=\"section\">\n\t\t\t\t\t\t<div class=\"elementor-container elementor-column-gap-default\">\n\t\t\t\t\t<div class=\"elementor-column elementor-col-100 elementor-top-column elementor-element elementor-element-553621d\" data-id=\"553621d\" data-element_type=\"column\" data-e-type=\"column\">\n\t\t\t<div class=\"elementor-widget-wrap\">\n\t\t\t\t\t\t\t<\/div>\n\t\t<\/div>\n\t\t\t\t\t<\/div>\n\t\t<\/section>\n\t\t\t\t<section class=\"elementor-section elementor-top-section elementor-element elementor-element-5262a05 elementor-section-full_width elementor-section-height-default elementor-section-height-default\" data-id=\"5262a05\" data-element_type=\"section\" data-e-type=\"section\">\n\t\t\t\t\t\t<div class=\"elementor-container elementor-column-gap-default\">\n\t\t\t\t\t<div class=\"elementor-column elementor-col-100 elementor-top-column elementor-element elementor-element-c6c9a86\" data-id=\"c6c9a86\" data-element_type=\"column\" data-e-type=\"column\">\n\t\t\t<div class=\"elementor-widget-wrap elementor-element-populated\">\n\t\t\t\t\t\t<div class=\"elementor-element elementor-element-984967e elementor-widget elementor-widget-bullion_contact_info\" data-id=\"984967e\" data-element_type=\"widget\" data-e-type=\"widget\" data-settings=\"{&quot;bullion_layout_margin&quot;:{&quot;unit&quot;:&quot;px&quot;,&quot;top&quot;:&quot;&quot;,&quot;right&quot;:&quot;&quot;,&quot;bottom&quot;:&quot;&quot;,&quot;left&quot;:&quot;&quot;,&quot;isLinked&quot;:true},&quot;bullion_layout_margin_tablet&quot;:{&quot;unit&quot;:&quot;px&quot;,&quot;top&quot;:&quot;&quot;,&quot;right&quot;:&quot;&quot;,&quot;bottom&quot;:&quot;&quot;,&quot;left&quot;:&quot;&quot;,&quot;isLinked&quot;:true},&quot;bullion_layout_margin_mobile&quot;:{&quot;unit&quot;:&quot;px&quot;,&quot;top&quot;:&quot;&quot;,&quot;right&quot;:&quot;&quot;,&quot;bottom&quot;:&quot;&quot;,&quot;left&quot;:&quot;&quot;,&quot;isLinked&quot;:true},&quot;bullion_layout_padding&quot;:{&quot;unit&quot;:&quot;px&quot;,&quot;top&quot;:&quot;&quot;,&quot;right&quot;:&quot;&quot;,&quot;bottom&quot;:&quot;&quot;,&quot;left&quot;:&quot;&quot;,&quot;isLinked&quot;:true},&quot;bullion_layout_padding_tablet&quot;:{&quot;unit&quot;:&quot;px&quot;,&quot;top&quot;:&quot;&quot;,&quot;right&quot;:&quot;&quot;,&quot;bottom&quot;:&quot;&quot;,&quot;left&quot;:&quot;&quot;,&quot;isLinked&quot;:true},&quot;bullion_layout_padding_mobile&quot;:{&quot;unit&quot;:&quot;px&quot;,&quot;top&quot;:&quot;&quot;,&quot;right&quot;:&quot;&quot;,&quot;bottom&quot;:&quot;&quot;,&quot;left&quot;:&quot;&quot;,&quot;isLinked&quot;:true}}\" data-widget_type=\"bullion_contact_info.default\">\n\t\t\t\t<div class=\"elementor-widget-container\">\n\t\t\t\t\t    <!-- contact-style-two -->\r\n    <section class=\"contact-style-two sec-pad\">\r\n        <div class=\"pattern-layer\"  style=\"background-image: url(https:\/\/lotiadesi.com\/wp-content\/uploads\/2025\/03\/shape-49-2.png);\"><\/div>\r\n        <div class=\"auto-container\">\r\n            <div class=\"row clearfix\">\r\n                            <div class=\"col-sm-12 content-column\">\r\n                    <div class=\"content-box\">\r\n                                                <div class=\"sec-title\">\r\n                            <span class=\"sub-title\">Need help<\/span>                            <h2><span>Connecting<\/span> World for <br \/>Better Solving<\/h2>                            <p>Occasionally circumstances occur in which toil and pain can procure him some great.<\/p>                        <\/div>\r\n                                                <div class=\"row clearfix\">\t                            <div class=\"col-lg-4 col-md-6 col-sm-12 info-block\">\r\n\t                                <div class=\"info-block-one\">\r\n\t                                    <div class=\"inner-box\">\r\n\t                                        \t                                        <div class=\"icon-box\"><img decoding=\"async\" src=\"https:\/\/lotiadesi.com\/wp-content\/uploads\/2025\/04\/phone-icon2.png\" alt=\"Awesome Image\"><\/div>\r\n\t                                        \t                                        <h4>Phone Number<\/h4>\r\n\t                                        <p>+306947481960<\/p>\r\n\t                                        \t                                        <div class=\"link-box\">\r\n\t                                            <a href=\"tel:+306947481960\"><span>Call Us<\/span><\/a>\r\n\t                                        <\/div>\r\n\t                                        \t                                    <\/div>\r\n\t                                <\/div>\r\n\t                            <\/div>\t                            <div class=\"col-lg-4 col-md-6 col-sm-12 info-block\">\r\n\t                                <div class=\"info-block-one\">\r\n\t                                    <div class=\"inner-box\">\r\n\t                                        \t                                        <div class=\"icon-box\"><img decoding=\"async\" src=\"https:\/\/lotiadesi.com\/wp-content\/uploads\/2025\/04\/email-icon2.png\" alt=\"Awesome Image\"><\/div>\r\n\t                                        \t                                        <h4>Our E-mail<\/h4>\r\n\t                                        <p>info@lotiadesi.com<\/p>\r\n\t                                        \t\t                                        <div class=\"link-box\">\r\n\t\t                                            <a href=\"mailto:info@lotiadesi.com\"><span>E-mail Us<\/span><\/a>\r\n\t\t                                        <\/div>\r\n\t                                        \t                                    <\/div>\r\n\t                                <\/div>\r\n\t                            <\/div>\t                            <div class=\"col-lg-4 col-md-6 col-sm-12 info-block\">\r\n\t                                <div class=\"info-block-one\">\r\n\t                                    <div class=\"inner-box\">\r\n\t                                        \t                                        <div class=\"icon-box\"><img decoding=\"async\" src=\"https:\/\/lotiadesi.com\/wp-content\/uploads\/2025\/04\/telegram-icon2.png\" alt=\"Awesome Image\"><\/div>\r\n\t                                        \t                                        <h4>Telegram<\/h4>\r\n\t                                        <p>LTlotiadesi<\/p>\r\n\t                                        \t                                        <div class=\"link-box\">\r\n\t                                            <a href=\"https:\/\/t.me\/LTlotiadesi\"><span>Chat with Us<\/span><\/a>\r\n\t                                        <\/div>\r\n\t                                        \t                                    <\/div>\r\n\t                                <\/div>\r\n\t                            <\/div>                        <\/div>\r\n                    <\/div>\r\n                <\/div>\r\n                        <\/div>\r\n        <\/div>\r\n    <\/section>\r\n    <!-- contact-style-two end -->       \r\n             \r\n        \t\t\t\t<\/div>\n\t\t\t\t<\/div>\n\t\t\t\t\t<\/div>\n\t\t<\/div>\n\t\t\t\t\t<\/div>\n\t\t<\/section>\n\t\t\t\t<\/div>\n\t\t","protected":false},"excerpt":{"rendered":"<p>Need help Connecting World for Better Solving Occasionally circumstances occur in which toil and pain can procure him some great. Phone Number +306947481960 Call Us Our E-mail info@lotiadesi.com E-mail Us Telegram LTlotiadesi Chat with Us<\/p>\n","protected":false},"author":2,"featured_media":0,"parent":0,"menu_order":0,"comment_status":"closed","ping_status":"closed","template":"tpl-default-elementor.php","meta":{"footnotes":""},"class_list":["post-1146","page","type-page","status-publish","hentry"],"yoast_head":"<!-- This site is optimized with the Yoast SEO plugin v27.4 - https:\/\/yoast.com\/product\/yoast-seo-wordpress\/ -->\n<title>Contact - Lot \u0130ades\u0130<\/title>\n<meta name=\"robots\" content=\"index, follow, max-snippet:-1, max-image-preview:large, max-video-preview:-1\" \/>\n<link rel=\"canonical\" href=\"https:\/\/lotiadesi.com\/contact\/\" \/>\n<meta property=\"og:locale\" content=\"en_US\" \/>\n<meta property=\"og:type\" content=\"article\" \/>\n<meta property=\"og:title\" content=\"Contact - Lot \u0130ades\u0130\" \/>\n<meta property=\"og:description\" content=\"Need help Connecting World for Better Solving Occasionally circumstances occur in which toil and pain can procure him some great. Phone Number +306947481960 Call Us Our E-mail info@lotiadesi.com E-mail Us Telegram LTlotiadesi Chat with Us\" \/>\n<meta property=\"og:url\" content=\"https:\/\/lotiadesi.com\/contact\/\" \/>\n<meta property=\"og:site_name\" content=\"Lot \u0130ades\u0130\" \/>\n<meta property=\"article:modified_time\" content=\"2025-08-19T15:43:16+00:00\" \/>\n<meta property=\"og:image\" content=\"https:\/\/lotiadesi.com\/wp-content\/uploads\/2025\/04\/phone-icon2.png\" \/>\n<meta name=\"twitter:card\" content=\"summary_large_image\" \/>\n<script type=\"application\/ld+json\" class=\"yoast-schema-graph\">{\"@context\":\"https:\\\/\\\/schema.org\",\"@graph\":[{\"@type\":\"WebPage\",\"@id\":\"https:\\\/\\\/lotiadesi.com\\\/contact\\\/\",\"url\":\"https:\\\/\\\/lotiadesi.com\\\/contact\\\/\",\"name\":\"Contact - Lot \u0130ades\u0130\",\"isPartOf\":{\"@id\":\"https:\\\/\\\/lotiadesi.com\\\/#website\"},\"primaryImageOfPage\":{\"@id\":\"https:\\\/\\\/lotiadesi.com\\\/contact\\\/#primaryimage\"},\"image\":{\"@id\":\"https:\\\/\\\/lotiadesi.com\\\/contact\\\/#primaryimage\"},\"thumbnailUrl\":\"https:\\\/\\\/lotiadesi.com\\\/wp-content\\\/uploads\\\/2025\\\/04\\\/phone-icon2.png\",\"datePublished\":\"2023-03-14T08:37:48+00:00\",\"dateModified\":\"2025-08-19T15:43:16+00:00\",\"breadcrumb\":{\"@id\":\"https:\\\/\\\/lotiadesi.com\\\/contact\\\/#breadcrumb\"},\"inLanguage\":\"en-US\",\"potentialAction\":[{\"@type\":\"ReadAction\",\"target\":[\"https:\\\/\\\/lotiadesi.com\\\/contact\\\/\"]}]},{\"@type\":\"ImageObject\",\"inLanguage\":\"en-US\",\"@id\":\"https:\\\/\\\/lotiadesi.com\\\/contact\\\/#primaryimage\",\"url\":\"https:\\\/\\\/lotiadesi.com\\\/wp-content\\\/uploads\\\/2025\\\/04\\\/phone-icon2.png\",\"contentUrl\":\"https:\\\/\\\/lotiadesi.com\\\/wp-content\\\/uploads\\\/2025\\\/04\\\/phone-icon2.png\"},{\"@type\":\"BreadcrumbList\",\"@id\":\"https:\\\/\\\/lotiadesi.com\\\/contact\\\/#breadcrumb\",\"itemListElement\":[{\"@type\":\"ListItem\",\"position\":1,\"name\":\"Home\",\"item\":\"https:\\\/\\\/lotiadesi.com\\\/en\\\/\"},{\"@type\":\"ListItem\",\"position\":2,\"name\":\"Contact\"}]},{\"@type\":\"WebSite\",\"@id\":\"https:\\\/\\\/lotiadesi.com\\\/#website\",\"url\":\"https:\\\/\\\/lotiadesi.com\\\/\",\"name\":\"Lot \u0130ades\u0130\",\"description\":\"YAKINDA S\u0130ZLERLE!\",\"publisher\":{\"@id\":\"https:\\\/\\\/lotiadesi.com\\\/#organization\"},\"potentialAction\":[{\"@type\":\"SearchAction\",\"target\":{\"@type\":\"EntryPoint\",\"urlTemplate\":\"https:\\\/\\\/lotiadesi.com\\\/?s={search_term_string}\"},\"query-input\":{\"@type\":\"PropertyValueSpecification\",\"valueRequired\":true,\"valueName\":\"search_term_string\"}}],\"inLanguage\":\"en-US\"},{\"@type\":\"Organization\",\"@id\":\"https:\\\/\\\/lotiadesi.com\\\/#organization\",\"name\":\"Lot \u0130ades\u0130\",\"url\":\"https:\\\/\\\/lotiadesi.com\\\/\",\"logo\":{\"@type\":\"ImageObject\",\"inLanguage\":\"en-US\",\"@id\":\"https:\\\/\\\/lotiadesi.com\\\/#\\\/schema\\\/logo\\\/image\\\/\",\"url\":\"https:\\\/\\\/lotiadesi.com\\\/wp-content\\\/uploads\\\/2025\\\/03\\\/lotiadesi-color-logo-with-blue-name.png\",\"contentUrl\":\"https:\\\/\\\/lotiadesi.com\\\/wp-content\\\/uploads\\\/2025\\\/03\\\/lotiadesi-color-logo-with-blue-name.png\",\"width\":401,\"height\":197,\"caption\":\"Lot \u0130ades\u0130\"},\"image\":{\"@id\":\"https:\\\/\\\/lotiadesi.com\\\/#\\\/schema\\\/logo\\\/image\\\/\"},\"sameAs\":[\"https:\\\/\\\/t.me\\\/FXlotiadesi\"]}]}<\/script>\n<!-- \/ Yoast SEO plugin. -->","yoast_head_json":{"title":"Contact - Lot \u0130ades\u0130","robots":{"index":"index","follow":"follow","max-snippet":"max-snippet:-1","max-image-preview":"max-image-preview:large","max-video-preview":"max-video-preview:-1"},"canonical":"https:\/\/lotiadesi.com\/contact\/","og_locale":"en_US","og_type":"article","og_title":"Contact - Lot \u0130ades\u0130","og_description":"Need help Connecting World for Better Solving Occasionally circumstances occur in which toil and pain can procure him some great. Phone Number +306947481960 Call Us Our E-mail info@lotiadesi.com E-mail Us Telegram LTlotiadesi Chat with Us","og_url":"https:\/\/lotiadesi.com\/contact\/","og_site_name":"Lot \u0130ades\u0130","article_modified_time":"2025-08-19T15:43:16+00:00","og_image":[{"url":"https:\/\/lotiadesi.com\/wp-content\/uploads\/2025\/04\/phone-icon2.png","type":"","width":"","height":""}],"twitter_card":"summary_large_image","schema":{"@context":"https:\/\/schema.org","@graph":[{"@type":"WebPage","@id":"https:\/\/lotiadesi.com\/contact\/","url":"https:\/\/lotiadesi.com\/contact\/","name":"Contact - Lot \u0130ades\u0130","isPartOf":{"@id":"https:\/\/lotiadesi.com\/#website"},"primaryImageOfPage":{"@id":"https:\/\/lotiadesi.com\/contact\/#primaryimage"},"image":{"@id":"https:\/\/lotiadesi.com\/contact\/#primaryimage"},"thumbnailUrl":"https:\/\/lotiadesi.com\/wp-content\/uploads\/2025\/04\/phone-icon2.png","datePublished":"2023-03-14T08:37:48+00:00","dateModified":"2025-08-19T15:43:16+00:00","breadcrumb":{"@id":"https:\/\/lotiadesi.com\/contact\/#breadcrumb"},"inLanguage":"en-US","potentialAction":[{"@type":"ReadAction","target":["https:\/\/lotiadesi.com\/contact\/"]}]},{"@type":"ImageObject","inLanguage":"en-US","@id":"https:\/\/lotiadesi.com\/contact\/#primaryimage","url":"https:\/\/lotiadesi.com\/wp-content\/uploads\/2025\/04\/phone-icon2.png","contentUrl":"https:\/\/lotiadesi.com\/wp-content\/uploads\/2025\/04\/phone-icon2.png"},{"@type":"BreadcrumbList","@id":"https:\/\/lotiadesi.com\/contact\/#breadcrumb","itemListElement":[{"@type":"ListItem","position":1,"name":"Home","item":"https:\/\/lotiadesi.com\/en\/"},{"@type":"ListItem","position":2,"name":"Contact"}]},{"@type":"WebSite","@id":"https:\/\/lotiadesi.com\/#website","url":"https:\/\/lotiadesi.com\/","name":"Lot \u0130ades\u0130","description":"YAKINDA S\u0130ZLERLE!","publisher":{"@id":"https:\/\/lotiadesi.com\/#organization"},"potentialAction":[{"@type":"SearchAction","target":{"@type":"EntryPoint","urlTemplate":"https:\/\/lotiadesi.com\/?s={search_term_string}"},"query-input":{"@type":"PropertyValueSpecification","valueRequired":true,"valueName":"search_term_string"}}],"inLanguage":"en-US"},{"@type":"Organization","@id":"https:\/\/lotiadesi.com\/#organization","name":"Lot \u0130ades\u0130","url":"https:\/\/lotiadesi.com\/","logo":{"@type":"ImageObject","inLanguage":"en-US","@id":"https:\/\/lotiadesi.com\/#\/schema\/logo\/image\/","url":"https:\/\/lotiadesi.com\/wp-content\/uploads\/2025\/03\/lotiadesi-color-logo-with-blue-name.png","contentUrl":"https:\/\/lotiadesi.com\/wp-content\/uploads\/2025\/03\/lotiadesi-color-logo-with-blue-name.png","width":401,"height":197,"caption":"Lot \u0130ades\u0130"},"image":{"@id":"https:\/\/lotiadesi.com\/#\/schema\/logo\/image\/"},"sameAs":["https:\/\/t.me\/FXlotiadesi"]}]}},"_links":{"self":[{"href":"https:\/\/lotiadesi.com\/en\/wp-json\/wp\/v2\/pages\/1146","targetHints":{"allow":["GET"]}}],"collection":[{"href":"https:\/\/lotiadesi.com\/en\/wp-json\/wp\/v2\/pages"}],"about":[{"href":"https:\/\/lotiadesi.com\/en\/wp-json\/wp\/v2\/types\/page"}],"author":[{"embeddable":true,"href":"https:\/\/lotiadesi.com\/en\/wp-json\/wp\/v2\/users\/2"}],"replies":[{"embeddable":true,"href":"https:\/\/lotiadesi.com\/en\/wp-json\/wp\/v2\/comments?post=1146"}],"version-history":[{"count":100,"href":"https:\/\/lotiadesi.com\/en\/wp-json\/wp\/v2\/pages\/1146\/revisions"}],"predecessor-version":[{"id":2732,"href":"https:\/\/lotiadesi.com\/en\/wp-json\/wp\/v2\/pages\/1146\/revisions\/2732"}],"wp:attachment":[{"href":"https:\/\/lotiadesi.com\/en\/wp-json\/wp\/v2\/media?parent=1146"}],"curies":[{"name":"wp","href":"https:\/\/api.w.org\/{rel}","templated":true}]}}