{"id":1301,"date":"2025-02-24T16:15:15","date_gmt":"2025-02-24T16:15:15","guid":{"rendered":"https:\/\/lotiadesi.com\/?page_id=1301"},"modified":"2025-03-17T20:20:06","modified_gmt":"2025-03-17T20:20:06","slug":"news","status":"publish","type":"page","link":"https:\/\/lotiadesi.com\/en\/news\/","title":{"rendered":"News"},"content":{"rendered":"\t\t<div data-elementor-type=\"wp-page\" data-elementor-id=\"1301\" class=\"elementor elementor-1301\">\n\t\t\t\t\t\t<section class=\"elementor-section elementor-top-section elementor-element elementor-element-9045746 elementor-section-full_width elementor-section-height-default elementor-section-height-default\" data-id=\"9045746\" data-element_type=\"section\" data-e-type=\"section\">\n\t\t\t\t\t\t<div class=\"elementor-container elementor-column-gap-default\">\n\t\t\t\t\t<div class=\"elementor-column elementor-col-100 elementor-top-column elementor-element elementor-element-596a4c0\" data-id=\"596a4c0\" data-element_type=\"column\" data-e-type=\"column\">\n\t\t\t<div class=\"elementor-widget-wrap elementor-element-populated\">\n\t\t\t\t\t\t<div class=\"elementor-element elementor-element-0c2472e elementor-widget elementor-widget-bullion_blog_grid\" data-id=\"0c2472e\" data-element_type=\"widget\" data-e-type=\"widget\" data-settings=\"{&quot;bullion_layout_margin&quot;:{&quot;unit&quot;:&quot;px&quot;,&quot;top&quot;:&quot;&quot;,&quot;right&quot;:&quot;&quot;,&quot;bottom&quot;:&quot;&quot;,&quot;left&quot;:&quot;&quot;,&quot;isLinked&quot;:true},&quot;bullion_layout_margin_tablet&quot;:{&quot;unit&quot;:&quot;px&quot;,&quot;top&quot;:&quot;&quot;,&quot;right&quot;:&quot;&quot;,&quot;bottom&quot;:&quot;&quot;,&quot;left&quot;:&quot;&quot;,&quot;isLinked&quot;:true},&quot;bullion_layout_margin_mobile&quot;:{&quot;unit&quot;:&quot;px&quot;,&quot;top&quot;:&quot;&quot;,&quot;right&quot;:&quot;&quot;,&quot;bottom&quot;:&quot;&quot;,&quot;left&quot;:&quot;&quot;,&quot;isLinked&quot;:true},&quot;bullion_layout_padding&quot;:{&quot;unit&quot;:&quot;px&quot;,&quot;top&quot;:&quot;&quot;,&quot;right&quot;:&quot;&quot;,&quot;bottom&quot;:&quot;&quot;,&quot;left&quot;:&quot;&quot;,&quot;isLinked&quot;:true},&quot;bullion_layout_padding_tablet&quot;:{&quot;unit&quot;:&quot;px&quot;,&quot;top&quot;:&quot;&quot;,&quot;right&quot;:&quot;&quot;,&quot;bottom&quot;:&quot;&quot;,&quot;left&quot;:&quot;&quot;,&quot;isLinked&quot;:true},&quot;bullion_layout_padding_mobile&quot;:{&quot;unit&quot;:&quot;px&quot;,&quot;top&quot;:&quot;&quot;,&quot;right&quot;:&quot;&quot;,&quot;bottom&quot;:&quot;&quot;,&quot;left&quot;:&quot;&quot;,&quot;isLinked&quot;:true}}\" data-widget_type=\"bullion_blog_grid.default\">\n\t\t\t\t<div class=\"elementor-widget-container\">\n\t\t\t\t\t\t\t\n                <!-- sidebar-page-container -->\n        <section class=\"sidebar-page-container blog-list news-style-three\">\n            <div class=\"auto-container\">\n                <div class=\"row clearfix\">\n                    <div class=\"col-lg-9 col-md-12 col-sm-12  content-side\">\n                        <div class=\"blog-list-content\">\n                                                        <div class=\"news-block-one\">\n                                <div class=\"inner-box\">\n                                    <div class=\"image-box\">\n                                        <figure class=\"image\"><a href=\"https:\/\/lotiadesi.com\/en\/market-news\/sharp-decline-in-us-stock-markets-1-trillion-loss-on-nasdaq\/\"><img fetchpriority=\"high\" decoding=\"async\" width=\"360\" height=\"279\" src=\"https:\/\/lotiadesi.com\/wp-content\/uploads\/2023\/03\/news-17-360x279.jpg\" class=\"attachment-bullion_360x279 size-bullion_360x279 wp-post-image\" alt=\"\" \/><\/a><\/figure>\n                                        <span class=\"post-date\">13 Mar<\/span>\n                                    <\/div>\n                                    <div class=\"lower-content\">\n                                        <h3><a href=\"https:\/\/lotiadesi.com\/en\/market-news\/sharp-decline-in-us-stock-markets-1-trillion-loss-on-nasdaq\/\">Sharp decline in US Stock Markets: $1 Trillion loss on NASDAQ<\/a><\/h3>\n                                        <p>Sharp decline in US Stock Markets: $1 Trillion loss on NASDAQ ...<\/p>\n                                        <div class=\"author-box\">\n                                            <figure class=\"author-thumb\"><\/figure>\n                                            <h6><a href=\"https:\/\/lotiadesi.com\/en\/market-news\/\" rel=\"category tag\">Market news<\/a><\/h6>\n                                            <ul class=\"post-info clearfix\">\n                                                <li><span>By<\/span> <a href=\"https:\/\/lotiadesi.com\/en\/author\/techadmin\/\">Tech Admin<\/a><\/li>\n                                                <li><span class=\"dots\">..<\/span><\/li>\n                                                <li>1 year ago<\/li>\n                                            <\/ul>\n                                        <\/div>\n                                        <div class=\"link-box\">\n                                            <a href=\"https:\/\/lotiadesi.com\/en\/market-news\/sharp-decline-in-us-stock-markets-1-trillion-loss-on-nasdaq\/\"><span>Read More<\/span><\/a>\n                                        <\/div>\n                                    <\/div>\n                                <\/div>\n                            <\/div>\n                                                        <div class=\"news-block-one\">\n                                <div class=\"inner-box\">\n                                    <div class=\"image-box\">\n                                        <figure class=\"image\"><a href=\"https:\/\/lotiadesi.com\/en\/awards-of-lf\/abd-borsalarinda-sert-dusus-nasdaqta-1-trilyon-dolarlik-kayip-yasandi\/\"><img fetchpriority=\"high\" decoding=\"async\" width=\"360\" height=\"279\" src=\"https:\/\/lotiadesi.com\/wp-content\/uploads\/2023\/03\/news-17-360x279.jpg\" class=\"attachment-bullion_360x279 size-bullion_360x279 wp-post-image\" alt=\"\" \/><\/a><\/figure>\n                                        <span class=\"post-date\">13 Mar<\/span>\n                                    <\/div>\n                                    <div class=\"lower-content\">\n                                        <h3><a href=\"https:\/\/lotiadesi.com\/en\/awards-of-lf\/abd-borsalarinda-sert-dusus-nasdaqta-1-trilyon-dolarlik-kayip-yasandi\/\">ABD Borsalar\u0131nda sert d\u00fc\u015f\u00fc\u015f:  NASDAQ&#8217;ta 1 Trilyon Dolarl\u0131k kay\u0131p ya\u015fand\u0131<\/a><\/h3>\n                                        <p>ABD Borsalar\u0131nda sert d\u00fc\u015f\u00fc\u015f: NASDAQ&#8217;ta 1 Trilyon Dolarl\u0131k kay\u0131p ya\u015fand\u0131 ABD ...<\/p>\n                                        <div class=\"author-box\">\n                                            <figure class=\"author-thumb\"><\/figure>\n                                            <h6><a href=\"https:\/\/lotiadesi.com\/en\/awards-of-lf\/\" rel=\"category tag\">Awards of LF<\/a><\/h6>\n                                            <ul class=\"post-info clearfix\">\n                                                <li><span>By<\/span> <a href=\"https:\/\/lotiadesi.com\/en\/author\/techadmin\/\">Tech Admin<\/a><\/li>\n                                                <li><span class=\"dots\">..<\/span><\/li>\n                                                <li>1 year ago<\/li>\n                                            <\/ul>\n                                        <\/div>\n                                        <div class=\"link-box\">\n                                            <a href=\"https:\/\/lotiadesi.com\/en\/awards-of-lf\/abd-borsalarinda-sert-dusus-nasdaqta-1-trilyon-dolarlik-kayip-yasandi\/\"><span>Read More<\/span><\/a>\n                                        <\/div>\n                                    <\/div>\n                                <\/div>\n                            <\/div>\n                                                                                    <div class=\"pagination-wrapper\">\n                                <div class=\"pagination clearfix\">\n                                \t                                <\/div>\n                            <\/div>\n                                                    <\/div>\n                    <\/div>\n                                        <div class=\"col-lg-3 col-md-12 col-sm-12 sidebar-side\">\n                        <div class=\"blog-sidebar\">\n                            <div id=\"search-1\" class=\"widget sidebar-widget widget_search\"><div class=\"widget-title\"><h3>Search<\/h3><\/div><div class=\"search-widget\">\n    <div class=\"search-form\">\n        <form action=\"https:\/\/lotiadesi.com\/en\/\" method=\"post\">\n            <div class=\"form-group\">\n                <input type=\"search\" name=\"s\" value=\"\" placeholder=\"Search ...\" required>\n                <button type=\"submit\"><img decoding=\"async\" src=\"https:\/\/lotiadesi.com\/wp-content\/themes\/bullion\/assets\/images\/icons\/icon-82.png\" alt=\"Awesome Image\"><\/button>\n            <\/div>\n        <\/form>\n    <\/div>\n<\/div><\/div><div id=\"categories-1\" class=\"widget sidebar-widget widget_categories\"><div class=\"widget-title\"><h3>Categories<\/h3><\/div>\n\t\t\t<ul>\n\t\t\t\t\t<li class=\"cat-item cat-item-235\"><a href=\"https:\/\/lotiadesi.com\/en\/awards-of-lf\/\">Awards of LF<\/a> (1)\n<\/li>\n\t<li class=\"cat-item cat-item-166\"><a href=\"https:\/\/lotiadesi.com\/en\/market-news\/\">Market news<\/a> (1)\n<\/li>\n\t\t\t<\/ul>\n\n\t\t\t<\/div><div id=\"block-1\" class=\"widget sidebar-widget widget_block\"><div class=\"banner-widget\">\n<div class=\"widget-content\">\n<div class=\"bg-layer\" style=\"background-image: url(\/wp-content\/uploads\/2025\/06\/banner-bg.avif);\"><\/div>\n<h3>A 360 <br \/>Trading Experience<\/h3>\n<p>Spreads from ZERO<\/p>\n<p><a href=\"https:\/\/bit.ly\/lotiadesi\" class=\"theme-btn btn-two\" target=\"_blank\"><span>Start Trading<\/span><\/a>\n<\/div>\n<\/div>\n<\/div>                            \n                        <\/div>\n                    <\/div>\n                                    <\/div>\n            <\/div>\n        <\/section>\n        <!-- sidebar-page-container end -->\n        \n                                \n        \t\t\t\t<\/div>\n\t\t\t\t<\/div>\n\t\t\t\t\t<\/div>\n\t\t<\/div>\n\t\t\t\t\t<\/div>\n\t\t<\/section>\n\t\t\t\t<\/div>\n\t\t","protected":false},"excerpt":{"rendered":"<p>20 Mar You lose more than I invest in Forex I lose more than I invest in Forex? and men who are so beguiled demord charm some of some all pleasure the moment sayings through shrinkings from all the &#038; pains these orders cases are perfectly simple and easy to distinguish. In a free hour, [&hellip;]<\/p>\n","protected":false},"author":2,"featured_media":0,"parent":0,"menu_order":0,"comment_status":"closed","ping_status":"closed","template":"tpl-default-elementor.php","meta":{"footnotes":""},"class_list":["post-1301","page","type-page","status-publish","hentry"],"yoast_head":"<!-- This site is optimized with the Yoast SEO plugin v27.4 - https:\/\/yoast.com\/product\/yoast-seo-wordpress\/ -->\n<title>News - Lot \u0130ades\u0130<\/title>\n<meta name=\"robots\" content=\"index, follow, max-snippet:-1, max-image-preview:large, max-video-preview:-1\" \/>\n<link rel=\"canonical\" href=\"https:\/\/lotiadesi.com\/news\/\" \/>\n<meta property=\"og:locale\" content=\"en_US\" \/>\n<meta property=\"og:type\" content=\"article\" \/>\n<meta property=\"og:title\" content=\"News - Lot \u0130ades\u0130\" \/>\n<meta property=\"og:description\" content=\"20 Mar You lose more than I invest in Forex I lose more than I invest in Forex? and men who are so beguiled demord charm some of some all pleasure the moment sayings through shrinkings from all the &#038; pains these orders cases are perfectly simple and easy to distinguish. In a free hour, [&hellip;]\" \/>\n<meta property=\"og:url\" content=\"https:\/\/lotiadesi.com\/news\/\" \/>\n<meta property=\"og:site_name\" content=\"Lot \u0130ades\u0130\" \/>\n<meta property=\"article:modified_time\" content=\"2025-03-17T20:20:06+00:00\" \/>\n<meta property=\"og:image\" content=\"https:\/\/lotiadesi.com\/wp-content\/uploads\/2023\/03\/chooseus-bg-360x279.jpg\" \/>\n<meta name=\"twitter:card\" content=\"summary_large_image\" \/>\n<script type=\"application\/ld+json\" class=\"yoast-schema-graph\">{\"@context\":\"https:\\\/\\\/schema.org\",\"@graph\":[{\"@type\":\"WebPage\",\"@id\":\"https:\\\/\\\/lotiadesi.com\\\/news\\\/\",\"url\":\"https:\\\/\\\/lotiadesi.com\\\/news\\\/\",\"name\":\"News - Lot \u0130ades\u0130\",\"isPartOf\":{\"@id\":\"https:\\\/\\\/lotiadesi.com\\\/#website\"},\"primaryImageOfPage\":{\"@id\":\"https:\\\/\\\/lotiadesi.com\\\/news\\\/#primaryimage\"},\"image\":{\"@id\":\"https:\\\/\\\/lotiadesi.com\\\/news\\\/#primaryimage\"},\"thumbnailUrl\":\"https:\\\/\\\/lotiadesi.com\\\/wp-content\\\/uploads\\\/2023\\\/03\\\/chooseus-bg-360x279.jpg\",\"datePublished\":\"2025-02-24T16:15:15+00:00\",\"dateModified\":\"2025-03-17T20:20:06+00:00\",\"breadcrumb\":{\"@id\":\"https:\\\/\\\/lotiadesi.com\\\/news\\\/#breadcrumb\"},\"inLanguage\":\"en-US\",\"potentialAction\":[{\"@type\":\"ReadAction\",\"target\":[\"https:\\\/\\\/lotiadesi.com\\\/news\\\/\"]}]},{\"@type\":\"ImageObject\",\"inLanguage\":\"en-US\",\"@id\":\"https:\\\/\\\/lotiadesi.com\\\/news\\\/#primaryimage\",\"url\":\"https:\\\/\\\/lotiadesi.com\\\/wp-content\\\/uploads\\\/2023\\\/03\\\/chooseus-bg-360x279.jpg\",\"contentUrl\":\"https:\\\/\\\/lotiadesi.com\\\/wp-content\\\/uploads\\\/2023\\\/03\\\/chooseus-bg-360x279.jpg\"},{\"@type\":\"BreadcrumbList\",\"@id\":\"https:\\\/\\\/lotiadesi.com\\\/news\\\/#breadcrumb\",\"itemListElement\":[{\"@type\":\"ListItem\",\"position\":1,\"name\":\"Home\",\"item\":\"https:\\\/\\\/lotiadesi.com\\\/en\\\/\"},{\"@type\":\"ListItem\",\"position\":2,\"name\":\"News\"}]},{\"@type\":\"WebSite\",\"@id\":\"https:\\\/\\\/lotiadesi.com\\\/#website\",\"url\":\"https:\\\/\\\/lotiadesi.com\\\/\",\"name\":\"Lot \u0130ades\u0130\",\"description\":\"YAKINDA S\u0130ZLERLE!\",\"publisher\":{\"@id\":\"https:\\\/\\\/lotiadesi.com\\\/#organization\"},\"potentialAction\":[{\"@type\":\"SearchAction\",\"target\":{\"@type\":\"EntryPoint\",\"urlTemplate\":\"https:\\\/\\\/lotiadesi.com\\\/?s={search_term_string}\"},\"query-input\":{\"@type\":\"PropertyValueSpecification\",\"valueRequired\":true,\"valueName\":\"search_term_string\"}}],\"inLanguage\":\"en-US\"},{\"@type\":\"Organization\",\"@id\":\"https:\\\/\\\/lotiadesi.com\\\/#organization\",\"name\":\"Lot \u0130ades\u0130\",\"url\":\"https:\\\/\\\/lotiadesi.com\\\/\",\"logo\":{\"@type\":\"ImageObject\",\"inLanguage\":\"en-US\",\"@id\":\"https:\\\/\\\/lotiadesi.com\\\/#\\\/schema\\\/logo\\\/image\\\/\",\"url\":\"https:\\\/\\\/lotiadesi.com\\\/wp-content\\\/uploads\\\/2025\\\/03\\\/lotiadesi-color-logo-with-blue-name.png\",\"contentUrl\":\"https:\\\/\\\/lotiadesi.com\\\/wp-content\\\/uploads\\\/2025\\\/03\\\/lotiadesi-color-logo-with-blue-name.png\",\"width\":401,\"height\":197,\"caption\":\"Lot \u0130ades\u0130\"},\"image\":{\"@id\":\"https:\\\/\\\/lotiadesi.com\\\/#\\\/schema\\\/logo\\\/image\\\/\"},\"sameAs\":[\"https:\\\/\\\/t.me\\\/FXlotiadesi\"]}]}<\/script>\n<!-- \/ Yoast SEO plugin. -->","yoast_head_json":{"title":"News - Lot \u0130ades\u0130","robots":{"index":"index","follow":"follow","max-snippet":"max-snippet:-1","max-image-preview":"max-image-preview:large","max-video-preview":"max-video-preview:-1"},"canonical":"https:\/\/lotiadesi.com\/news\/","og_locale":"en_US","og_type":"article","og_title":"News - Lot \u0130ades\u0130","og_description":"20 Mar You lose more than I invest in Forex I lose more than I invest in Forex? and men who are so beguiled demord charm some of some all pleasure the moment sayings through shrinkings from all the &#038; pains these orders cases are perfectly simple and easy to distinguish. In a free hour, [&hellip;]","og_url":"https:\/\/lotiadesi.com\/news\/","og_site_name":"Lot \u0130ades\u0130","article_modified_time":"2025-03-17T20:20:06+00:00","og_image":[{"url":"https:\/\/lotiadesi.com\/wp-content\/uploads\/2023\/03\/chooseus-bg-360x279.jpg","type":"","width":"","height":""}],"twitter_card":"summary_large_image","schema":{"@context":"https:\/\/schema.org","@graph":[{"@type":"WebPage","@id":"https:\/\/lotiadesi.com\/news\/","url":"https:\/\/lotiadesi.com\/news\/","name":"News - Lot \u0130ades\u0130","isPartOf":{"@id":"https:\/\/lotiadesi.com\/#website"},"primaryImageOfPage":{"@id":"https:\/\/lotiadesi.com\/news\/#primaryimage"},"image":{"@id":"https:\/\/lotiadesi.com\/news\/#primaryimage"},"thumbnailUrl":"https:\/\/lotiadesi.com\/wp-content\/uploads\/2023\/03\/chooseus-bg-360x279.jpg","datePublished":"2025-02-24T16:15:15+00:00","dateModified":"2025-03-17T20:20:06+00:00","breadcrumb":{"@id":"https:\/\/lotiadesi.com\/news\/#breadcrumb"},"inLanguage":"en-US","potentialAction":[{"@type":"ReadAction","target":["https:\/\/lotiadesi.com\/news\/"]}]},{"@type":"ImageObject","inLanguage":"en-US","@id":"https:\/\/lotiadesi.com\/news\/#primaryimage","url":"https:\/\/lotiadesi.com\/wp-content\/uploads\/2023\/03\/chooseus-bg-360x279.jpg","contentUrl":"https:\/\/lotiadesi.com\/wp-content\/uploads\/2023\/03\/chooseus-bg-360x279.jpg"},{"@type":"BreadcrumbList","@id":"https:\/\/lotiadesi.com\/news\/#breadcrumb","itemListElement":[{"@type":"ListItem","position":1,"name":"Home","item":"https:\/\/lotiadesi.com\/en\/"},{"@type":"ListItem","position":2,"name":"News"}]},{"@type":"WebSite","@id":"https:\/\/lotiadesi.com\/#website","url":"https:\/\/lotiadesi.com\/","name":"Lot \u0130ades\u0130","description":"YAKINDA S\u0130ZLERLE!","publisher":{"@id":"https:\/\/lotiadesi.com\/#organization"},"potentialAction":[{"@type":"SearchAction","target":{"@type":"EntryPoint","urlTemplate":"https:\/\/lotiadesi.com\/?s={search_term_string}"},"query-input":{"@type":"PropertyValueSpecification","valueRequired":true,"valueName":"search_term_string"}}],"inLanguage":"en-US"},{"@type":"Organization","@id":"https:\/\/lotiadesi.com\/#organization","name":"Lot \u0130ades\u0130","url":"https:\/\/lotiadesi.com\/","logo":{"@type":"ImageObject","inLanguage":"en-US","@id":"https:\/\/lotiadesi.com\/#\/schema\/logo\/image\/","url":"https:\/\/lotiadesi.com\/wp-content\/uploads\/2025\/03\/lotiadesi-color-logo-with-blue-name.png","contentUrl":"https:\/\/lotiadesi.com\/wp-content\/uploads\/2025\/03\/lotiadesi-color-logo-with-blue-name.png","width":401,"height":197,"caption":"Lot \u0130ades\u0130"},"image":{"@id":"https:\/\/lotiadesi.com\/#\/schema\/logo\/image\/"},"sameAs":["https:\/\/t.me\/FXlotiadesi"]}]}},"_links":{"self":[{"href":"https:\/\/lotiadesi.com\/en\/wp-json\/wp\/v2\/pages\/1301","targetHints":{"allow":["GET"]}}],"collection":[{"href":"https:\/\/lotiadesi.com\/en\/wp-json\/wp\/v2\/pages"}],"about":[{"href":"https:\/\/lotiadesi.com\/en\/wp-json\/wp\/v2\/types\/page"}],"author":[{"embeddable":true,"href":"https:\/\/lotiadesi.com\/en\/wp-json\/wp\/v2\/users\/2"}],"replies":[{"embeddable":true,"href":"https:\/\/lotiadesi.com\/en\/wp-json\/wp\/v2\/comments?post=1301"}],"version-history":[{"count":12,"href":"https:\/\/lotiadesi.com\/en\/wp-json\/wp\/v2\/pages\/1301\/revisions"}],"predecessor-version":[{"id":2147,"href":"https:\/\/lotiadesi.com\/en\/wp-json\/wp\/v2\/pages\/1301\/revisions\/2147"}],"wp:attachment":[{"href":"https:\/\/lotiadesi.com\/en\/wp-json\/wp\/v2\/media?parent=1301"}],"curies":[{"name":"wp","href":"https:\/\/api.w.org\/{rel}","templated":true}]}}