{"id":2122,"date":"2025-03-24T14:29:54","date_gmt":"2025-03-24T11:29:54","guid":{"rendered":"https:\/\/lotiadesi.com\/?page_id=2122"},"modified":"2025-03-24T14:29:09","modified_gmt":"2025-03-24T14:29:09","slug":"terms-and-conditions","status":"publish","type":"page","link":"https:\/\/lotiadesi.com\/en\/terms-and-conditions\/","title":{"rendered":"Terms and conditions"},"content":{"rendered":"\t\t<div data-elementor-type=\"wp-page\" data-elementor-id=\"2122\" class=\"elementor elementor-2122 elementor-2129\">\n\t\t\t\t<div class=\"elementor-element elementor-element-2452422d e-flex e-con-boxed e-con e-parent\" data-id=\"2452422d\" data-element_type=\"container\" data-e-type=\"container\">\n\t\t\t\t\t<div class=\"e-con-inner\">\n\t\t\t\t<div class=\"elementor-element elementor-element-404b107d elementor-widget elementor-widget-text-editor\" data-id=\"404b107d\" data-element_type=\"widget\" data-e-type=\"widget\" data-widget_type=\"text-editor.default\">\n\t\t\t\t<div class=\"elementor-widget-container\">\n\t\t\t\t\t\t\t\t\t<p>Text<\/p>\n<p>\u00a0<\/p>\n<h2 class=\"wp-block-heading\">Terms and conditions<\/h2>\n<p><!-- \/wp:heading --><!-- wp:paragraph --><\/p>\n<p>Text for Terms and conditions<\/p>\n<p><!-- \/wp:paragraph --><\/p>\t\t\t\t\t\t\t\t<\/div>\n\t\t\t\t<\/div>\n\t\t\t\t\t<\/div>\n\t\t\t\t<\/div>\n\t\t\t\t<\/div>\n\t\t","protected":false},"excerpt":{"rendered":"<p>Text \u00a0 Terms and conditions Text for Terms and conditions<\/p>\n","protected":false},"author":2,"featured_media":0,"parent":0,"menu_order":0,"comment_status":"closed","ping_status":"closed","template":"","meta":{"footnotes":""},"class_list":["post-2122","page","type-page","status-publish","hentry"],"yoast_head":"<!-- This site is optimized with the Yoast SEO plugin v27.4 - https:\/\/yoast.com\/product\/yoast-seo-wordpress\/ -->\n<title>Terms and conditions - Lot \u0130ades\u0130<\/title>\n<meta name=\"robots\" content=\"index, follow, max-snippet:-1, max-image-preview:large, max-video-preview:-1\" \/>\n<link rel=\"canonical\" href=\"https:\/\/lotiadesi.com\/terms-and-conditions\/\" \/>\n<meta property=\"og:locale\" content=\"en_US\" \/>\n<meta property=\"og:type\" content=\"article\" \/>\n<meta property=\"og:title\" content=\"Terms and conditions - Lot \u0130ades\u0130\" \/>\n<meta property=\"og:description\" content=\"Text \u00a0 Terms and conditions Text for Terms and conditions\" \/>\n<meta property=\"og:url\" content=\"https:\/\/lotiadesi.com\/terms-and-conditions\/\" \/>\n<meta property=\"og:site_name\" content=\"Lot \u0130ades\u0130\" \/>\n<meta property=\"article:modified_time\" content=\"2025-03-24T14:29:09+00:00\" \/>\n<meta property=\"og:image\" content=\"https:\/\/lotiadesi.com\/wp-content\/uploads\/2025\/03\/lotiadesi-color-logo-with-blue-name.png\" \/>\n\t<meta property=\"og:image:width\" content=\"401\" \/>\n\t<meta property=\"og:image:height\" content=\"197\" \/>\n\t<meta property=\"og:image:type\" content=\"image\/png\" \/>\n<meta name=\"twitter:card\" content=\"summary_large_image\" \/>\n<script type=\"application\/ld+json\" class=\"yoast-schema-graph\">{\"@context\":\"https:\\\/\\\/schema.org\",\"@graph\":[{\"@type\":\"WebPage\",\"@id\":\"https:\\\/\\\/lotiadesi.com\\\/terms-and-conditions\\\/\",\"url\":\"https:\\\/\\\/lotiadesi.com\\\/terms-and-conditions\\\/\",\"name\":\"Terms and conditions - Lot \u0130ades\u0130\",\"isPartOf\":{\"@id\":\"https:\\\/\\\/lotiadesi.com\\\/#website\"},\"datePublished\":\"2025-03-24T11:29:54+00:00\",\"dateModified\":\"2025-03-24T14:29:09+00:00\",\"breadcrumb\":{\"@id\":\"https:\\\/\\\/lotiadesi.com\\\/terms-and-conditions\\\/#breadcrumb\"},\"inLanguage\":\"en-US\",\"potentialAction\":[{\"@type\":\"ReadAction\",\"target\":[\"https:\\\/\\\/lotiadesi.com\\\/terms-and-conditions\\\/\"]}]},{\"@type\":\"BreadcrumbList\",\"@id\":\"https:\\\/\\\/lotiadesi.com\\\/terms-and-conditions\\\/#breadcrumb\",\"itemListElement\":[{\"@type\":\"ListItem\",\"position\":1,\"name\":\"Home\",\"item\":\"https:\\\/\\\/lotiadesi.com\\\/en\\\/\"},{\"@type\":\"ListItem\",\"position\":2,\"name\":\"Terms and conditions\"}]},{\"@type\":\"WebSite\",\"@id\":\"https:\\\/\\\/lotiadesi.com\\\/#website\",\"url\":\"https:\\\/\\\/lotiadesi.com\\\/\",\"name\":\"Lot \u0130ades\u0130\",\"description\":\"YAKINDA S\u0130ZLERLE!\",\"publisher\":{\"@id\":\"https:\\\/\\\/lotiadesi.com\\\/#organization\"},\"potentialAction\":[{\"@type\":\"SearchAction\",\"target\":{\"@type\":\"EntryPoint\",\"urlTemplate\":\"https:\\\/\\\/lotiadesi.com\\\/?s={search_term_string}\"},\"query-input\":{\"@type\":\"PropertyValueSpecification\",\"valueRequired\":true,\"valueName\":\"search_term_string\"}}],\"inLanguage\":\"en-US\"},{\"@type\":\"Organization\",\"@id\":\"https:\\\/\\\/lotiadesi.com\\\/#organization\",\"name\":\"Lot \u0130ades\u0130\",\"url\":\"https:\\\/\\\/lotiadesi.com\\\/\",\"logo\":{\"@type\":\"ImageObject\",\"inLanguage\":\"en-US\",\"@id\":\"https:\\\/\\\/lotiadesi.com\\\/#\\\/schema\\\/logo\\\/image\\\/\",\"url\":\"https:\\\/\\\/lotiadesi.com\\\/wp-content\\\/uploads\\\/2025\\\/03\\\/lotiadesi-color-logo-with-blue-name.png\",\"contentUrl\":\"https:\\\/\\\/lotiadesi.com\\\/wp-content\\\/uploads\\\/2025\\\/03\\\/lotiadesi-color-logo-with-blue-name.png\",\"width\":401,\"height\":197,\"caption\":\"Lot \u0130ades\u0130\"},\"image\":{\"@id\":\"https:\\\/\\\/lotiadesi.com\\\/#\\\/schema\\\/logo\\\/image\\\/\"},\"sameAs\":[\"https:\\\/\\\/t.me\\\/FXlotiadesi\"]}]}<\/script>\n<!-- \/ Yoast SEO plugin. -->","yoast_head_json":{"title":"Terms and conditions - Lot \u0130ades\u0130","robots":{"index":"index","follow":"follow","max-snippet":"max-snippet:-1","max-image-preview":"max-image-preview:large","max-video-preview":"max-video-preview:-1"},"canonical":"https:\/\/lotiadesi.com\/terms-and-conditions\/","og_locale":"en_US","og_type":"article","og_title":"Terms and conditions - Lot \u0130ades\u0130","og_description":"Text \u00a0 Terms and conditions Text for Terms and conditions","og_url":"https:\/\/lotiadesi.com\/terms-and-conditions\/","og_site_name":"Lot \u0130ades\u0130","article_modified_time":"2025-03-24T14:29:09+00:00","og_image":[{"width":401,"height":197,"url":"https:\/\/lotiadesi.com\/wp-content\/uploads\/2025\/03\/lotiadesi-color-logo-with-blue-name.png","type":"image\/png"}],"twitter_card":"summary_large_image","schema":{"@context":"https:\/\/schema.org","@graph":[{"@type":"WebPage","@id":"https:\/\/lotiadesi.com\/terms-and-conditions\/","url":"https:\/\/lotiadesi.com\/terms-and-conditions\/","name":"Terms and conditions - Lot \u0130ades\u0130","isPartOf":{"@id":"https:\/\/lotiadesi.com\/#website"},"datePublished":"2025-03-24T11:29:54+00:00","dateModified":"2025-03-24T14:29:09+00:00","breadcrumb":{"@id":"https:\/\/lotiadesi.com\/terms-and-conditions\/#breadcrumb"},"inLanguage":"en-US","potentialAction":[{"@type":"ReadAction","target":["https:\/\/lotiadesi.com\/terms-and-conditions\/"]}]},{"@type":"BreadcrumbList","@id":"https:\/\/lotiadesi.com\/terms-and-conditions\/#breadcrumb","itemListElement":[{"@type":"ListItem","position":1,"name":"Home","item":"https:\/\/lotiadesi.com\/en\/"},{"@type":"ListItem","position":2,"name":"Terms and conditions"}]},{"@type":"WebSite","@id":"https:\/\/lotiadesi.com\/#website","url":"https:\/\/lotiadesi.com\/","name":"Lot \u0130ades\u0130","description":"YAKINDA S\u0130ZLERLE!","publisher":{"@id":"https:\/\/lotiadesi.com\/#organization"},"potentialAction":[{"@type":"SearchAction","target":{"@type":"EntryPoint","urlTemplate":"https:\/\/lotiadesi.com\/?s={search_term_string}"},"query-input":{"@type":"PropertyValueSpecification","valueRequired":true,"valueName":"search_term_string"}}],"inLanguage":"en-US"},{"@type":"Organization","@id":"https:\/\/lotiadesi.com\/#organization","name":"Lot \u0130ades\u0130","url":"https:\/\/lotiadesi.com\/","logo":{"@type":"ImageObject","inLanguage":"en-US","@id":"https:\/\/lotiadesi.com\/#\/schema\/logo\/image\/","url":"https:\/\/lotiadesi.com\/wp-content\/uploads\/2025\/03\/lotiadesi-color-logo-with-blue-name.png","contentUrl":"https:\/\/lotiadesi.com\/wp-content\/uploads\/2025\/03\/lotiadesi-color-logo-with-blue-name.png","width":401,"height":197,"caption":"Lot \u0130ades\u0130"},"image":{"@id":"https:\/\/lotiadesi.com\/#\/schema\/logo\/image\/"},"sameAs":["https:\/\/t.me\/FXlotiadesi"]}]}},"_links":{"self":[{"href":"https:\/\/lotiadesi.com\/en\/wp-json\/wp\/v2\/pages\/2122","targetHints":{"allow":["GET"]}}],"collection":[{"href":"https:\/\/lotiadesi.com\/en\/wp-json\/wp\/v2\/pages"}],"about":[{"href":"https:\/\/lotiadesi.com\/en\/wp-json\/wp\/v2\/types\/page"}],"author":[{"embeddable":true,"href":"https:\/\/lotiadesi.com\/en\/wp-json\/wp\/v2\/users\/2"}],"replies":[{"embeddable":true,"href":"https:\/\/lotiadesi.com\/en\/wp-json\/wp\/v2\/comments?post=2122"}],"version-history":[{"count":4,"href":"https:\/\/lotiadesi.com\/en\/wp-json\/wp\/v2\/pages\/2122\/revisions"}],"predecessor-version":[{"id":2126,"href":"https:\/\/lotiadesi.com\/en\/wp-json\/wp\/v2\/pages\/2122\/revisions\/2126"}],"wp:attachment":[{"href":"https:\/\/lotiadesi.com\/en\/wp-json\/wp\/v2\/media?parent=2122"}],"curies":[{"name":"wp","href":"https:\/\/api.w.org\/{rel}","templated":true}]}}